{"id":94,"date":"2017-07-25T10:36:40","date_gmt":"2017-07-25T10:36:40","guid":{"rendered":"http:\/\/iman.inesctec.pt\/?page_id=94"},"modified":"2017-11-28T12:20:56","modified_gmt":"2017-11-28T12:20:56","slug":"journals-and-magazines","status":"publish","type":"page","link":"https:\/\/iman.inesctec.pt\/index.php\/publications\/journals-and-magazines\/","title":{"rendered":"Journals and Magazines"},"content":{"rendered":"<h2 style=\"text-align: center;\">2017<\/h2>\n<p>Azevedo, Maria Manuela, Jos\u00e9 Ant\u00f3nio Crispim, and Jorge Pinho de Sousa. &#8220;A dynamic multi-objective approach for the reconfigurable multi-facility layout problem.&#8221; Journal of Manufacturing Systems 42 (2017): 140-152<\/p>\n<p>&nbsp;<\/p>\n<h2 style=\"text-align: center;\">2016<\/h2>\n<p>Messina, D., Barros, A. C., Santos, C., Soares, A. L. (2016). \u201cRisk and visibility in supply chains: an information management perspective\u201d. In Information Management for Effective Logistics and Supply Chain. IGI Global. DOI: 10.4018\/978-1-5225-0973-8<\/p>\n<p>Messina, D., Barros, A. C., Soares, A. L. (2016). \u201cAn Information Management Perspective of Supplier Selection Process in Manufacturing Networks\u201d. In Collaboration in a Hyperconnected World: 17th IFIP WG 5.5 Working Conference on Virtual Enterprises, PRO-VE 2016, Porto, Portugal, October 3-5, 2016, Proceedings (pp. 178\u2013188). Cham: Springer International Publishing. DOI: 10.1007\/978-3-319-45390-3_16<\/p>\n<p>Santos, C., Barros, A.C., Dawes, T., Soares, A.L. (2016). \u201cUsing an Information Management Model as a Roadmap for Information Systems Implementation in Supply Networks\u201d. In Collaboration in a Hyperconnected World: 17th IFIP WG 5.5 Working Conference on Virtual Enterprises, PRO-VE 2016, Porto, Portugal, October 3-5, 2016, Proceedings (pp. 77\u201383). Cham: Springer International Publishing. DOI: 10.1007\/978-3-319-45390-3_7<\/p>\n<p>Azevedo, M. M., Crispim, J. A., Sousa J. P. (2016). \u201cLayout Design and Reconfiguration in a Collaborative Manufacturing Network\u201d. In Collaboration in a Hyperconnected World: 17th IFIP WG 5.5 Working Conference on Virtual Enterprises, PRO-VE 2016, Porto, Portugal, October 3-5, 2016, Proceedings (pp. 77\u201383). Cham: Springer International Publishing. DOI 10.1007\/978-3-319-45390-3_46<\/p>\n<p>Crispim, J., Rego, N., Pinho de Sousa, J. (2015). \u201cStochastic partner selection for virtual enterprises: a chance-constrained approach\u201d. In International Journal of Production Research (pp. 3661-3677), Taylor &amp; Francis. http:\/\/dx.doi.org\/10.1080\/00207543.2014.986301<\/p>\n<p>Costa, E., Soares, A. L., Sousa, J. P. (2016). \u201cInformation, knowledge and collaboration management in the internationalisation of SMEs: A systematic literature review\u201d. International Journal of Information Management, 36(4), 557\u2013569. http:\/\/doi.org\/10.1016\/j.ijinfomgt.2016.03.007<\/p>\n<p>Costa, E., Soares, A. L., Sousa, J. P. (2016). \u201cSituating case studies within the design science research paradigm: An instantiation for collaborative networks\u201d. In H. Afsarmanesh, M. L. Camarinha-Matos, &amp; A. Lucas Soares (Eds.), Collaboration in a Hyperconnected World: 17th IFIP WG 5.5 Working Conference on Virtual Enterprises, PRO-VE 2016, Porto, Portugal, October 3-5, 2016 (pp. 531\u2013544). Cham: Springer International Publishing. http:\/\/doi.org\/10.1007\/978-3-319-45390-3_45<\/p>\n<p>Marques, C. M., Moniz, S., de Sousa, J. P., &amp; Barbosa-P\u00f3voa, A. P. (2016). Optimization and Monte Carlo Simulation for Product Launch Planning under Uncertainty. In: Proceedings of ESCAPE26 (Vol. Computer Aided Chemical Engineering, 38, pp. 421-426)<\/p>\n<p>Vieira, M., Pinto-Varela, T., Moniz, S., Barbosa-P\u00f3voa, A. P., &amp; Papageorgiou, L. G. (2016). Optimal planning and campaign scheduling of biopharmaceutical processes using a continuous-time formulation. Computers &amp; Chemical Engineering, 91, 422-444<\/p>\n<p>Marques, C. M., Moniz, S., de Sousa, J. P., &amp; Barbosa-P\u00f3voa, A. P. (2016). A simulation-optimization approach to integrate process design and planning decisions under technical and market uncertainties: a case from the chemical-pharmaceutical industry. Computers &amp; Chemical Engineering, submitted for publication<\/p>\n<p>Wenchao Wei, Luis Guimar\u00e3es, Pedro Amorim, Bernardo Almada-Lobo, (2016) Tactical production and distribution planning with dependency issues on the production process, Omega, Available online. http:\/\/dx.doi.org\/10.1016\/j.omega.2016.04.0042<\/p>\n<p>Marques AF, Olmo B, Audy J-F, Rocha P. 2016b. A comprehensive framework for developing inter-firm collaboration \u2013 a study in the forest-based supply chain. Journal of Science &amp; Tecnhology for Forest Products and Processes, Special Issue Value Chain Optimization in the Forest Bioeconomy (accepted in May 2016)<\/p>\n<p>Cherri, L. H., Mundim, L. R., Andretta, M., Toledo, F. M. B., Oliveira, J. F., &amp; Carravilla, M. A. (2016). Robust mixed-integer linear programming models for the irregular strip packing problem. European Journal of Operational Research, 253, 570\u2013583. http:\/\/doi.org\/10.1016\/j.ejor.2016.03.009<\/p>\n<p>Leao, A. a. S., Toledo, F. M. B., Oliveira, J. F., &amp; Carravilla, M. A. (2016). A semi-continuous MIP model for the irregular strip packing problem. International Journal of Production Research, 54(3), 712\u2013721. http:\/\/doi.org\/10.1080\/00207543.2015.1041571<\/p>\n<p>Oliveira, R., Camanho, A.S., Zanella, A. Expanded eco-efficiency assessment of large mining firms. Journal of Cleaner Production. Accepted for publication in 2016<\/p>\n<p>Tactical production and distribution planning with dependency issues on the production process Wenchao Wei, Lu\u00eds Guimar\u00e3es, Pedro Amorim, Bernardo Almada-Lobo. Omega, 2016<\/p>\n<p>Wenchao Wei, Luis Guimar\u00e3es, Pedro Amorim, Bernardo Almada-Lobo, (2016) Tactical production and distribution planning with dependency issues on the production process, Omega, Available online<\/p>\n<p>A Investiga\u00e7\u00e3o Operacional na Ind\u00fastria do Cal\u00e7ado. Jos\u00e9 Soeiro Ferreira, Rui Diogo Rebelo. Antunes, C. (et al) (eds), A Investiga\u00e7\u00e3o Operacional em Portugal: novos desafios, novas ideias &#8211; Homenagem ao Professor Lu\u00eds Valadares Tavares\u201d, pp 281-298, 2016<\/p>\n<p>&nbsp;<\/p>\n<h2 style=\"text-align: center;\">2015<\/h2>\n<p>Costa, E., Soares, A. L., Sousa, J. P. (2015). \u201cA new insight in the SMEs internationalization process\u201d. In M. L. Camarinha-Matos, F. B\u00e9naben, &amp; W. Picard (Eds.), Risks and Resilience of Collaborative Networks: 16th IFIP WG 5.5 Working Conference on Virtual Enterprises, PRO-VE 2015, Albi, France, October 5-7, 2015 (pp. 398\u2013410). Cham: Springer International Publishing. http:\/\/doi.org\/10.1007\/978-3-319-24141-8_36<\/p>\n<p>Moniz, S., Barbosa P\u00f3voa, A. P., &amp; Pinho de Sousa, J. (2015). On the complexity of production planning and scheduling in the pharmaceutical industry: the Delivery Trade-offs Matrix. Computer Aided Chemical Engineering, 37, 1865-1870<\/p>\n<p>Moniz, S., Barbosa-P\u00f3voa, A. P., &amp; Pinho de Sousa, J. (2015). Recent Trends and Challenges in Planning and Scheduling of Chemical-Pharmaceutical Plants Operations Research and Big Data (pp. 123-130): Springer<\/p>\n<p>Bernardo Almada-Lobo, Alistair Clark, Guimar\u00e3es Luis Guimar\u00e3es, Gon\u00e7alo Figueira, Pedro Amorim (2015). Industrial insights into lot sizing and scheduling modeling. Pesquisa Operacional, 35(3), 439-464. https:\/\/dx.doi.org\/10.1590\/0101-7438.2015.035.03.0439<\/p>\n<p>Luis Guimar\u00e3es, Gon\u00e7alo Figueira, Pedro Amorim, Bernardo Almada Lobo (2015). Modeling lot \u00a0sizing \u00a0and \u00a0scheduling \u00a0in \u00a0practice. \u00a0In \u00a0A. \u00a0P. \u00a0F. \u00a0Barbosa-P\u00f3voa \u00a0&amp; \u00a0J. L. De Miranda (Eds.), Computational Intelligence &amp; Complexity &#8211; Operations Research and Big Data &#8211; IO2015-XVII Congress of Portuguese Association of Operational Research (APDIO)(pp. 67\u201377). Springer International Publishing . http:\/\/doi.org\/10.1007\/978-3-319-24154-8_9<\/p>\n<p>Waste Collection Routing &#8211; Limited Multiple Landfills and Heterogeneous Fleet. Ana Rodrigues, Jos\u00e9 Soeiro Ferreira. Networks 65-2, pp. 155-165, 2015<\/p>\n<p>Measures in Sectorization Problems. Ana Rodrigues, Jos\u00e9 Soeiro Ferreira. Operations Research and Big Data, 203-211, Springer-Verlag, 2016<\/p>\n<p>Sectors and Routes in Solid Waste Collection. Ana Rodrigues, Jos\u00e9 Soeiro Ferreira. Springer-Verlag &#8211; CIM Series in Mathematical Sciences, 353-375, 2015<\/p>\n<p>&nbsp;<\/p>\n<h2 style=\"text-align: center;\">Submitted\/To Submit<\/h2>\n<p>Barbosa, C. and A. Azevedo. Hybrid modelling of MTO\/ETO manufacturing environments for performance assessment. (submitted to the International Journal of Production Research)<\/p>\n<p>Scholz J. Marques AF, et al.. Forest-based Supply Chain: Planning and Control \u2013 an Interdisciplinary Review of the State-of-the-Art. Forest Systems (submitted May 2016)<\/p>\n<p>Cooperative Coevolution of Expressions for (r,Q) Inventory Management Policies using Genetic Programming, Rui L. Lopes, Gon\u00e7alo Figueira, Pedro Amorim, Bernardo Almada-Lobo To submit to European Journal of Operational Research\u00a0(to be submitted for publication)<\/p>\n<p>Sequencing of Production Lines in the Footwear Industry Jo\u00e3o Basto, Rui Rebelo, Jos\u00e9 Soeiro Ferreira (to be submitted for publication)<\/p>\n<p>A Variable Neighbourhood Descent Approach for Balancing Mixed-model Assembly Line in the Footwear Industry. Parisa Sadeghi, Rui Rebelo, Jos\u00e9 Soeiro Ferreira (to be submitted for publication)<\/p>\n<h2 style=\"text-align: center;\">In Preparation<\/h2>\n<p>Marques AF, Rasinmaki, J. Rosset C. et al.. Model-based control approaches for forest-based supply chains. European Journal of Forest Research<\/p>\n<p>Oliveira, B., Marques A.F., Rasinmaki, J. 2016. Operational chips delivery planning with synchronization. European Journal of Operational Research<\/p>\n<p>Oliveira, R., Camanho, A.S., Zanella, A. Measuring Corporate Social Responsibility: the use of Directional Distance Functions to rank firms performance and set targets. Working Paper. Submission to the European Journal of Operational Research in December 2016<\/p>\n<p>Art Paths in Operational Research, Jos\u00e9 Soeiro Ferreira<\/p>\n<p>A Location-Routing Problem: sectorization and multicriteria analysis. Alberto Martinho, Eduardo Alves, Ana Maria Rodrigues, Jos\u00e9 Soeiro Ferreira<\/p>\n<p>&nbsp;<\/p>\n","protected":false},"excerpt":{"rendered":"<p>2017 Azevedo, Maria Manuela, Jos\u00e9 Ant\u00f3nio Crispim, and Jorge Pinho de Sousa. &#8220;A dynamic multi-objective approach for the reconfigurable multi-facility layout problem.&#8221; Journal of Manufacturing Systems 42 (2017): 140-152 &nbsp; 2016 Messina, D., Barros, A. C., Santos, C., Soares, A. L. (2016). \u201cRisk and visibility in supply chains: an information management perspective\u201d. In Information Management for Effective Logistics and Supply Chain. IGI Global. DOI: 10.4018\/978-1-5225-0973-8 Messina, D., Barros, A. C., Soares, A. L. (2016). \u201cAn Information Management Perspective of Supplier&#8230;<\/p>\n<p class=\"read-more\"><a class=\"btn btn-default\" href=\"https:\/\/iman.inesctec.pt\/index.php\/publications\/journals-and-magazines\/\"> Read More<span class=\"screen-reader-text\">  Read More<\/span><\/a><\/p>\n","protected":false},"author":4,"featured_media":0,"parent":17,"menu_order":1,"comment_status":"closed","ping_status":"closed","template":"","meta":{"footnotes":""},"class_list":["post-94","page","type-page","status-publish","hentry"],"_links":{"self":[{"href":"https:\/\/iman.inesctec.pt\/index.php\/wp-json\/wp\/v2\/pages\/94","targetHints":{"allow":["GET"]}}],"collection":[{"href":"https:\/\/iman.inesctec.pt\/index.php\/wp-json\/wp\/v2\/pages"}],"about":[{"href":"https:\/\/iman.inesctec.pt\/index.php\/wp-json\/wp\/v2\/types\/page"}],"author":[{"embeddable":true,"href":"https:\/\/iman.inesctec.pt\/index.php\/wp-json\/wp\/v2\/users\/4"}],"replies":[{"embeddable":true,"href":"https:\/\/iman.inesctec.pt\/index.php\/wp-json\/wp\/v2\/comments?post=94"}],"version-history":[{"count":7,"href":"https:\/\/iman.inesctec.pt\/index.php\/wp-json\/wp\/v2\/pages\/94\/revisions"}],"predecessor-version":[{"id":309,"href":"https:\/\/iman.inesctec.pt\/index.php\/wp-json\/wp\/v2\/pages\/94\/revisions\/309"}],"up":[{"embeddable":true,"href":"https:\/\/iman.inesctec.pt\/index.php\/wp-json\/wp\/v2\/pages\/17"}],"wp:attachment":[{"href":"https:\/\/iman.inesctec.pt\/index.php\/wp-json\/wp\/v2\/media?parent=94"}],"curies":[{"name":"wp","href":"https:\/\/api.w.org\/{rel}","templated":true}]}}