{"id":103,"date":"2017-07-25T10:47:19","date_gmt":"2017-07-25T10:47:19","guid":{"rendered":"http:\/\/iman.inesctec.pt\/?page_id=103"},"modified":"2017-11-28T12:21:21","modified_gmt":"2017-11-28T12:21:21","slug":"conferences","status":"publish","type":"page","link":"https:\/\/iman.inesctec.pt\/index.php\/publications\/conferences\/","title":{"rendered":"Conferences"},"content":{"rendered":"<h2 style=\"text-align: center;\">2017<\/h2>\n<p>Santos, C., Mehrsai, A., Barros, A.B., Ara\u00fajo, M., Ares, E. (2017), \u201cTowards Industry 4.0: an overview of European strategic roadmaps\u201d, Procedia Manufacturing, 13, 972\u2013979<\/p>\n<p>Barros, A.C., Sim\u00f5es, A.C., Toscano C., Marques, A., Rodrigues, J.C., Azevedo, A. (2017), \u201cImplementing Cyber-physical Systems in Manufacturing\u201d, CIE47 Proceedings, 11-13 October 2017, Lisbon, Portugal<\/p>\n<p>Marques, C. M., Moniz, S., de Sousa, J. P., &amp; Barbosa-P\u00f3voa, A. P.. A simulation-optimization approach to integrate process design and planning decisions under technical and market uncertainties. Foundations of Computer Aided Process Operations Conference, 2017 (FOCAPO 2017)<\/p>\n<p>Barbosa, C. and A. Azevedo (2017). Hybrid simulation for complex manufacturing value-chain environments. 27th International Conference on Flexible Automation and Intelligent Manufacturing, FAIM2017, Modena, Italy<\/p>\n<p>&nbsp;<\/p>\n<h2 style=\"text-align: center;\">2016<\/h2>\n<p>Messina, D., Barros, A. C., Soares, A. L. (2016). \u201cAn Information Management Perspective of Supplier Selection Process in Manufacturing Networks\u201d. In Collaboration in a Hyperconnected World: 17th IFIP WG 5.5 Working Conference on Virtual Enterprises, PRO-VE 2016, Porto, Portugal, October 3-5, 2016, Proceedings (pp. 178\u2013188). Cham: Springer International Publishing. DOI: 10.1007\/978-3-319-45390-3_16<\/p>\n<p>Santos, C., Barros, A.C., Dawes, T., Soares, A.L. (2016). \u201cUsing an Information Management Model as a Roadmap for Information Systems Implementation in Supply Networks\u201d. In Collaboration in a Hyperconnected World: 17th IFIP WG 5.5 Working Conference on Virtual Enterprises, PRO-VE 2016, Porto, Portugal, October 3-5, 2016, Proceedings (pp. 77\u201383). Cham: Springer International Publishing. DOI: 10.1007\/978-3-319-45390-3_7<\/p>\n<p>Azevedo, M. M., Crispim, J. A., Sousa J. P. (2016). \u201cLayout Design and Reconfiguration in a Collaborative Manufacturing Network\u201d. In Collaboration in a Hyperconnected World: 17th IFIP WG 5.5 Working Conference on Virtual Enterprises, PRO-VE 2016, Porto, Portugal, October 3-5, 2016, Proceedings (pp. 77\u201383). Cham: Springer International Publishing. DOI 10.1007\/978-3-319-45390-3_46<\/p>\n<p>Santos, C., Abubakar, S., Barros, A. C., Godsell, J. (2016). \u201cThe role of organizational networks in the development of technological capabilities\u201d. In EurOMA 2016, Trondheim, Norway, 17-22 June 2016<\/p>\n<p>Costa, E., Soares, A. L., Sousa, J. P. (2016). \u201cSituating case studies within the design science research paradigm: An instantiation for collaborative networks\u201d. In H. Afsarmanesh, M. L. Camarinha-Matos, &amp; A. Lucas Soares (Eds.), Collaboration in a Hyperconnected World: 17th IFIP WG 5.5 Working Conference on Virtual Enterprises, PRO-VE 2016, Porto, Portugal, October 3-5, 2016 (pp. 531\u2013544). Cham: Springer International Publishing. http:\/\/doi.org\/10.1007\/978-3-319-45390-3_45<\/p>\n<p>Barbosa, C., &amp; Azevedo, A. (2016). Towards a System Dynamics approach for performance evaluation of assembly production areas. Paper presented at the EurOMA, Trondheim<\/p>\n<p>de Queiroz, T. A., Oliveira, J. F., Carravilla, M. A., &amp; Miyazawa, F. K. (2016). Demand uncertainty for the location-routing problem with two-dimensional loading constraints. In R. J. Fonseca, G.-W. Weber, &amp; J. Telhada (Eds.), Lecture Notes in Economics and Mathematical Systems &#8211; Computational Management Science (Vol. 682, pp. 47\u201353). Cham: Springer International Publishing. http:\/\/doi.org\/10.1007\/978-3-319-20430-7<\/p>\n<p>Oliveira, R., Camanho, A., and Zanella, A. IEMS &#8217;16 | 7th Industrial Engineering and Management Symposium. The assessment of eco-efficiency of multinational mining companies. 2016. (Symposia)<\/p>\n<p>Oliveira, R., Camanho, A., and Zanella, A. 12th MCDA\/M Summer School 2016. New models for the assessment of Corporate Social Responsibility in the mining sector. 2016 (Poster Session)<\/p>\n<p>Balancing and Lot-sizing Mixed-Model Line in the Footwear Industry. Parisa Sadeghi, Rui Rebelo, Jos\u00e9 Soeiro Ferreira. IEMS\u201916, pp. 53-55, 5 Jan 2016, Porto, Portugal<\/p>\n<p>Assembly line balancing in the footwear industry. Parisa Sadeghi, Rui rebelo, Jos\u00e9 Soeiro Ferreira. EURO 2016 28th European Conference on Operational Research. 3-6 July 2016, Poznan, Poland<\/p>\n<p>&nbsp;<\/p>\n<h2 style=\"text-align: center;\">2015<\/h2>\n<p>Messina, D., Santos, C., Barros, A.C., Matopoulos, A. (2015). \u201cWho monitors the supply chain? An arm-wrestle between OEM and first-tier supplier\u201d, 22nd International Annual EurOMA Conference, June 2015, Neuch\u00e2tel, Switzerland<\/p>\n<p>Costa, E., Soares, A. L., Sousa, J. P. (2015). \u201cA new insight in the SMEs internationalization process\u201d. In M. L. Camarinha-Matos, F. B\u00e9naben, &amp; W. Picard (Eds.), Risks and Resilience of Collaborative Networks: 16th IFIP WG 5.5 Working Conference on Virtual Enterprises, PRO-VE 2015, Albi, France, October 5-7, 2015 (pp. 398\u2013410). Cham: Springer International Publishing. http:\/\/doi.org\/10.1007\/978-3-319-24141-8_36<\/p>\n<p>Luis Guimar\u00e3es, Gon\u00e7alo Figueira, Pedro Amorim, Bernardo Almada Lobo (2015). Modeling lot \u00a0sizing \u00a0and \u00a0scheduling \u00a0in \u00a0practice. \u00a0In \u00a0A. \u00a0P. \u00a0F. \u00a0Barbosa-P\u00f3voa \u00a0&amp; \u00a0J. L. De Miranda (Eds.), Computational Intelligence &amp; Complexity &#8211; Operations Research and Big Data &#8211; IO2015-XVII Congress of Portuguese Association of Operational Research (APDIO)(pp. 67\u201377). Springer International Publishing . http:\/\/doi.org\/10.1007\/978-3-319-24154-8_9<\/p>\n<p>Moniz S, Marques AF, Carvalho S, Pinho de Sousa J. (2015). A simulation-optimization approach for production planning and scheduling. 2015. In: Proceedings of the XXI International Conference on Industrial Engineering and Operations Management. Aveiro (PT) 06-08\/07\/2015 (8 pages conference paper)<\/p>\n<p>Moniz, S., Marques, A.F., Pinho de Sousa, J. (2015). Towards Highly Flexible and Efficient Production systems. White Paper INESCTEC 9 pages<\/p>\n<p>Cherri, L. H., Carravilla, M. A., Ribeiro, C., &amp; Toledo, F. M. B. (2015). O problema de posicionamento de pe\u00e7as irregulares: uma abordagem por programa\u00e7\u00e3o por restri\u00e7\u00f5es. In XLVII SBPO &#8211; Simp\u00f3sio Brasileiro de Pesquisa Operacional (pp. 4053\u2013 4062)<\/p>\n<p>Mundim, L. R., Cherri, L. H., Carravilla, M. A., Oliveira, J. F., Toledo, F. M. B., &amp; Andretta, M. (2015). Um modelo inteiro misto com trigonometria direta para o corte de pol\u00edgonos convexos aplicado \u00e0 a ind\u00fastria. In XLVII SBPO &#8211; Simp\u00f3sio Brasileiro de Pesquisa Operacional (pp. 4075\u20134086)<\/p>\n<p>Silva, E., Vi\u00e3es, C., Oliveira, J. F., &amp; Carravilla, M. A. (2015). Integrated Cutting and Production Planning: A Case Study in a Home Textile Manufacturing Company. In A. P. F. Barbosa-P\u00f3voa &amp; J. L. De Miranda (Eds.), Computational Intelligence &amp; Complexity &#8211; Operations Research and Big Data &#8211; IO2015-XVII Congress of Portuguese Association of Operational Research (APDIO)(pp. 213\u2013220). Springer International Publishing. https:\/\/doi.org\/10.1007\/978-3-319-24154-8_25<\/p>\n<p>Oliveira, R., Camanho, A.S., and Zanella, A. Eco-Efficiency Assessment of World-Class Mining Companies, 5thWorkshop on Efficiency and Productivity Analysis, Universidade Cat\u00f3lica Portuguesa, Porto, 5 October, 2015<\/p>\n<p>Oliveira, R., Camanho, A.S., and Zanella, A. Eco-efficiency Assessment of World-Class Mining Companies, 13th International Conference on Data Envelopment Analysis (DEA2015), Braunschweig, Germany, 24-27 August, 2015<\/p>\n<p>Measures in Sectorization Problems. Ana Rodrigues, Jos\u00e9 Soeiro Ferreira. IO 2015, 7-9 de setembro, 2015, Portalegre, Portugal<\/p>\n","protected":false},"excerpt":{"rendered":"<p>2017 Santos, C., Mehrsai, A., Barros, A.B., Ara\u00fajo, M., Ares, E. (2017), \u201cTowards Industry 4.0: an overview of European strategic roadmaps\u201d, Procedia Manufacturing, 13, 972\u2013979 Barros, A.C., Sim\u00f5es, A.C., Toscano C., Marques, A., Rodrigues, J.C., Azevedo, A. (2017), \u201cImplementing Cyber-physical Systems in Manufacturing\u201d, CIE47 Proceedings, 11-13 October 2017, Lisbon, Portugal Marques, C. M., Moniz, S., de Sousa, J. P., &amp; Barbosa-P\u00f3voa, A. P.. A simulation-optimization approach to integrate process design and planning decisions under technical and market uncertainties. Foundations of&#8230;<\/p>\n<p class=\"read-more\"><a class=\"btn btn-default\" href=\"https:\/\/iman.inesctec.pt\/index.php\/publications\/conferences\/\"> Read More<span class=\"screen-reader-text\">  Read More<\/span><\/a><\/p>\n","protected":false},"author":4,"featured_media":0,"parent":17,"menu_order":0,"comment_status":"closed","ping_status":"closed","template":"","meta":{"footnotes":""},"class_list":["post-103","page","type-page","status-publish","hentry"],"_links":{"self":[{"href":"https:\/\/iman.inesctec.pt\/index.php\/wp-json\/wp\/v2\/pages\/103","targetHints":{"allow":["GET"]}}],"collection":[{"href":"https:\/\/iman.inesctec.pt\/index.php\/wp-json\/wp\/v2\/pages"}],"about":[{"href":"https:\/\/iman.inesctec.pt\/index.php\/wp-json\/wp\/v2\/types\/page"}],"author":[{"embeddable":true,"href":"https:\/\/iman.inesctec.pt\/index.php\/wp-json\/wp\/v2\/users\/4"}],"replies":[{"embeddable":true,"href":"https:\/\/iman.inesctec.pt\/index.php\/wp-json\/wp\/v2\/comments?post=103"}],"version-history":[{"count":7,"href":"https:\/\/iman.inesctec.pt\/index.php\/wp-json\/wp\/v2\/pages\/103\/revisions"}],"predecessor-version":[{"id":310,"href":"https:\/\/iman.inesctec.pt\/index.php\/wp-json\/wp\/v2\/pages\/103\/revisions\/310"}],"up":[{"embeddable":true,"href":"https:\/\/iman.inesctec.pt\/index.php\/wp-json\/wp\/v2\/pages\/17"}],"wp:attachment":[{"href":"https:\/\/iman.inesctec.pt\/index.php\/wp-json\/wp\/v2\/media?parent=103"}],"curies":[{"name":"wp","href":"https:\/\/api.w.org\/{rel}","templated":true}]}}